{"id":1433,"date":"2025-04-08T10:12:33","date_gmt":"2025-04-08T08:12:33","guid":{"rendered":"https:\/\/restaurantesoca.es\/?page_id=1433"},"modified":"2025-04-08T12:11:58","modified_gmt":"2025-04-08T10:11:58","slug":"aviso-legal","status":"publish","type":"page","link":"https:\/\/restaurantesoca.es\/en\/aviso-legal\/","title":{"rendered":"Legal Notice"},"content":{"rendered":"<div data-elementor-type=\"wp-page\" data-elementor-id=\"1433\" class=\"elementor elementor-1433\" data-elementor-post-type=\"page\">\n\t\t\t\t<div class=\"elementor-element elementor-element-bd45d2b e-flex e-con-boxed e-con e-parent\" data-id=\"bd45d2b\" data-element_type=\"container\">\n\t\t\t\t\t<div class=\"e-con-inner\">\n\t\t\t\t<div class=\"elementor-element elementor-element-961a4c9 elementor-widget elementor-widget-heading\" data-id=\"961a4c9\" data-element_type=\"widget\" data-widget_type=\"heading.default\">\n\t\t\t\t<div class=\"elementor-widget-container\">\n\t\t\t\t\t<h1 class=\"elementor-heading-title elementor-size-default\">COMPANY DATA<\/h1>\t\t\t\t<\/div>\n\t\t\t\t<\/div>\n\t\t\t\t<div class=\"elementor-element elementor-element-919bc5b elementor-widget elementor-widget-text-editor\" data-id=\"919bc5b\" data-element_type=\"widget\" data-widget_type=\"text-editor.default\">\n\t\t\t\t<div class=\"elementor-widget-container\">\n\t\t\t\t\t\t\t\t\t<p>In compliance with the duty of information contained in article 10 of Law 34\/2002, of July 11, on Information Society Services and Electronic Commerce, the following data is reflected below: the company that owns the web domain is Puro Verso SL, with CIF: B93436673 and address for these purposes at C\/Carreter\u00eda, 54 M\u00e1laga. Email: info@185.162.171.100<\/p>\t\t\t\t\t\t\t\t<\/div>\n\t\t\t\t<\/div>\n\t\t\t\t\t<\/div>\n\t\t\t\t<\/div>\n\t\t<div class=\"elementor-element elementor-element-5a6d3c0 e-flex e-con-boxed e-con e-parent\" data-id=\"5a6d3c0\" data-element_type=\"container\">\n\t\t\t\t\t<div class=\"e-con-inner\">\n\t\t\t\t<div class=\"elementor-element elementor-element-c0fecd6 elementor-widget elementor-widget-heading\" data-id=\"c0fecd6\" data-element_type=\"widget\" data-widget_type=\"heading.default\">\n\t\t\t\t<div class=\"elementor-widget-container\">\n\t\t\t\t\t<h1 class=\"elementor-heading-title elementor-size-default\">WEBSITE USERS<\/h1>\t\t\t\t<\/div>\n\t\t\t\t<\/div>\n\t\t\t\t<div class=\"elementor-element elementor-element-b595685 elementor-widget elementor-widget-text-editor\" data-id=\"b595685\" data-element_type=\"widget\" data-widget_type=\"text-editor.default\">\n\t\t\t\t<div class=\"elementor-widget-container\">\n\t\t\t\t\t\t\t\t\t<p>Access to and\/or use of the Soca Restaurant website constitutes USER status, and you accept, upon such access and\/or use, the General Conditions of Use set forth herein. These Conditions shall apply regardless of any mandatory General Conditions of Contract.<\/p>\t\t\t\t\t\t\t\t<\/div>\n\t\t\t\t<\/div>\n\t\t\t\t\t<\/div>\n\t\t\t\t<\/div>\n\t\t<div class=\"elementor-element elementor-element-3558441 e-flex e-con-boxed e-con e-parent\" data-id=\"3558441\" data-element_type=\"container\">\n\t\t\t\t\t<div class=\"e-con-inner\">\n\t\t\t\t<div class=\"elementor-element elementor-element-2fca0ed elementor-widget elementor-widget-heading\" data-id=\"2fca0ed\" data-element_type=\"widget\" data-widget_type=\"heading.default\">\n\t\t\t\t<div class=\"elementor-widget-container\">\n\t\t\t\t\t<h1 class=\"elementor-heading-title elementor-size-default\">USE OF THE WEBSITE<\/h1>\t\t\t\t<\/div>\n\t\t\t\t<\/div>\n\t\t\t\t<div class=\"elementor-element elementor-element-a220397 elementor-widget elementor-widget-text-editor\" data-id=\"a220397\" data-element_type=\"widget\" data-widget_type=\"text-editor.default\">\n\t\t\t\t<div class=\"elementor-widget-container\">\n\t\t\t\t\t\t\t\t\t<p>www.restaurantesoca.es provides access to a multitude of information, services, programs, or data (hereinafter, &quot;the contents&quot;) on the Internet belonging to Restaurante Soca or its licensors to which the USER may have access. The USER assumes responsibility for the use of the portal. This responsibility extends to the registration that may be necessary to access certain services or contents.<\/p>\t\t\t\t\t\t\t\t<\/div>\n\t\t\t\t<\/div>\n\t\t\t\t<div class=\"elementor-element elementor-element-faea2f0 elementor-widget elementor-widget-text-editor\" data-id=\"faea2f0\" data-element_type=\"widget\" data-widget_type=\"text-editor.default\">\n\t\t\t\t<div class=\"elementor-widget-container\">\n\t\t\t\t\t\t\t\t\t<p>In such registration, the USER will be responsible for providing truthful and lawful information. As a result of this registration, the USER may be provided with a password for which he\/she will be responsible, and undertakes to use it diligently and confidentially. The USER undertakes to make appropriate use of the content and services (such as chat services, discussion forums, or newsgroups) that Restaurante Soca offers through its portal and, by way of example but not limited to, not to use them to (i) engage in illicit or illegal activities or those contrary to good faith and public order; (ii) disseminate content or propaganda of a racist, xenophobic, pornographic-illegal nature, in defense of terrorism, or in violation of human rights; (iii) cause damage to the physical and logical systems of Restaurante Soca, its suppliers, or third parties, introduce or spread computer viruses or any other physical or logical systems that may cause the aforementioned damage; (iv) attempt to access and, where applicable, use the email accounts of other users and modify or manipulate their messages. Soca Restaurant reserves the right to remove any comments and contributions that violate respect for human dignity, that are discriminatory, xenophobic, racist, pornographic, that threaten youth or childhood, public order or safety, or that, in its judgment, are not suitable for publication. In any case, Soca Restaurant will not be responsible for the opinions expressed by users through forums, chats, or other participation tools.<\/p>\t\t\t\t\t\t\t\t<\/div>\n\t\t\t\t<\/div>\n\t\t\t\t\t<\/div>\n\t\t\t\t<\/div>\n\t\t<div class=\"elementor-element elementor-element-22379b3 e-flex e-con-boxed e-con e-parent\" data-id=\"22379b3\" data-element_type=\"container\">\n\t\t\t\t\t<div class=\"e-con-inner\">\n\t\t\t\t<div class=\"elementor-element elementor-element-8fa2abd elementor-widget elementor-widget-heading\" data-id=\"8fa2abd\" data-element_type=\"widget\" data-widget_type=\"heading.default\">\n\t\t\t\t<div class=\"elementor-widget-container\">\n\t\t\t\t\t<h1 class=\"elementor-heading-title elementor-size-default\">DATA PROTECTION<\/h1>\t\t\t\t<\/div>\n\t\t\t\t<\/div>\n\t\t\t\t<div class=\"elementor-element elementor-element-38815b2 elementor-widget elementor-widget-text-editor\" data-id=\"38815b2\" data-element_type=\"widget\" data-widget_type=\"text-editor.default\">\n\t\t\t\t<div class=\"elementor-widget-container\">\n\t\t\t\t\t\t\t\t\t<p>Soca Restaurant complies with the guidelines of Organic Law 15\/1999 of December 13 on the Protection of Personal Data, Royal Decree 1720\/2007 of December 21, which approves the Regulations implementing the Organic Law, and other regulations in force at all times, and ensures the correct use and processing of the user&#039;s personal data. To this end, along with each form for collecting personal data, in the services that the user may request from info@185.162.171.100, the user will be informed of the existence and acceptance of the specific conditions for the processing of their data in each case, informing them of the responsibility for the file created, the address of the person responsible, the possibility of exercising their rights of access, rectification, cancellation, or opposition, the purpose of the processing, and the communication of data to third parties, where applicable.<\/p>\t\t\t\t\t\t\t\t<\/div>\n\t\t\t\t<\/div>\n\t\t\t\t<div class=\"elementor-element elementor-element-47eeade elementor-widget elementor-widget-text-editor\" data-id=\"47eeade\" data-element_type=\"widget\" data-widget_type=\"text-editor.default\">\n\t\t\t\t<div class=\"elementor-widget-container\">\n\t\t\t\t\t\t\t\t\t<p>Likewise, Restaurante Soca informs you that it complies with Law 34\/2002 of July 11, on Information Society Services and Electronic Commerce, and will request your consent to process your email address for marketing purposes at all times. See data protection.<\/p>\t\t\t\t\t\t\t\t<\/div>\n\t\t\t\t<\/div>\n\t\t\t\t\t<\/div>\n\t\t\t\t<\/div>\n\t\t<div class=\"elementor-element elementor-element-91da394 e-flex e-con-boxed e-con e-parent\" data-id=\"91da394\" data-element_type=\"container\">\n\t\t\t\t\t<div class=\"e-con-inner\">\n\t\t\t\t<div class=\"elementor-element elementor-element-ce3b685 elementor-widget elementor-widget-heading\" data-id=\"ce3b685\" data-element_type=\"widget\" data-widget_type=\"heading.default\">\n\t\t\t\t<div class=\"elementor-widget-container\">\n\t\t\t\t\t<h1 class=\"elementor-heading-title elementor-size-default\">INTELLECTUAL AND INDUSTRIAL PROPERTY<\/h1>\t\t\t\t<\/div>\n\t\t\t\t<\/div>\n\t\t\t\t<div class=\"elementor-element elementor-element-eef4896 elementor-widget elementor-widget-text-editor\" data-id=\"eef4896\" data-element_type=\"widget\" data-widget_type=\"text-editor.default\">\n\t\t\t\t<div class=\"elementor-widget-container\">\n\t\t\t\t\t\t\t\t\t<p>Soca Restaurant, by itself or as an assignee, is the owner of all intellectual and industrial property rights of its website, as well as of the elements contained therein (for example, images, sound, audio, video, software or texts; trademarks or logos, color combinations, structure and design, selection of materials used, computer programs necessary for its operation, access and use, etc.), owned by Soca Restaurant or its licensors.<\/p>\t\t\t\t\t\t\t\t<\/div>\n\t\t\t\t<\/div>\n\t\t\t\t<div class=\"elementor-element elementor-element-08f7525 elementor-widget elementor-widget-text-editor\" data-id=\"08f7525\" data-element_type=\"widget\" data-widget_type=\"text-editor.default\">\n\t\t\t\t<div class=\"elementor-widget-container\">\n\t\t\t\t\t\t\t\t\t<div id=\"content\" class=\"site-content\">\n<div class=\"ast-container\">\n<div id=\"primary\" class=\"content-area primary\"><main id=\"main\" class=\"site-main\">\n<article id=\"post-669\" class=\"post-669 page type-page status-publish ast-article-single\">\n<div class=\"entry-content clear\">\n<p>All rights reserved. Pursuant to the provisions of Articles 8 and 32.1, second paragraph, of the Intellectual Property Law, the reproduction, distribution, and public communication, including making available, of all or part of the contents of this website for commercial purposes, on any medium and by any technical means, are expressly prohibited without the authorization of Restaurante Soca. The USER undertakes to respect the Intellectual and Industrial Property rights owned by Restaurante Soca. The USER may view the elements of the portal and even print, copy, and store them on their computer&#039;s hard drive or any other physical medium, provided that this is solely and exclusively for their personal and private use. The USER must refrain from deleting, altering, circumventing, or manipulating any protection device or security system installed on the pages of Restaurante Soca.<\/p>\n<\/div>\n<\/article>\n<\/main><\/div>\n<\/div>\n<\/div>\t\t\t\t\t\t\t\t<\/div>\n\t\t\t\t<\/div>\n\t\t\t\t\t<\/div>\n\t\t\t\t<\/div>\n\t\t\t\t<\/div>","protected":false},"excerpt":{"rendered":"<p>COMPANY INFORMATION In compliance with the duty to provide information set forth in Article 10 of Law 34\/2002, of July 11, on Information Society Services and Electronic Commerce, the following information is provided: the company that owns the website domain is Puro Verso SL, with Tax Identification Number (CIF): B93436673 [\u2026]<\/p>","protected":false},"author":1,"featured_media":0,"parent":0,"menu_order":0,"comment_status":"closed","ping_status":"closed","template":"","meta":{"footnotes":""},"class_list":["post-1433","page","type-page","status-publish","hentry"],"yoast_head":"<!-- This site is optimized with the Yoast SEO plugin v26.0 - https:\/\/yoast.com\/wordpress\/plugins\/seo\/ -->\n<title>Aviso Legal - Restaurante SOCA<\/title>\n<meta name=\"robots\" content=\"noindex, nofollow\" \/>\n<meta property=\"og:locale\" content=\"en_GB\" \/>\n<meta property=\"og:type\" content=\"article\" \/>\n<meta property=\"og:title\" content=\"Aviso Legal - Restaurante SOCA\" \/>\n<meta property=\"og:description\" content=\"DATOS DE LA EMPRESA En cumplimiento con el deber de informaci\u00f3n recogido en art\u00edculo 10 de la Ley 34\/2002, de 11 de julio, de Servicios de la Sociedad de la Informaci\u00f3n y del Comercio Electr\u00f3nico, a continuaci\u00f3n se reflejan los siguientes datos: la empresa titular de dominio web es Puro Verso S.L., con CIF: B93436673 [&hellip;]\" \/>\n<meta property=\"og:url\" content=\"https:\/\/restaurantesoca.es\/en\/aviso-legal\/\" \/>\n<meta property=\"og:site_name\" content=\"Restaurante SOCA\" \/>\n<meta property=\"article:modified_time\" content=\"2025-04-08T10:11:58+00:00\" \/>\n<meta name=\"twitter:card\" content=\"summary_large_image\" \/>\n<meta name=\"twitter:label1\" content=\"Estimated reading time\" \/>\n\t<meta name=\"twitter:data1\" content=\"5 minutes\" \/>\n<script type=\"application\/ld+json\" class=\"yoast-schema-graph\">{\"@context\":\"https:\/\/schema.org\",\"@graph\":[{\"@type\":\"WebPage\",\"@id\":\"https:\/\/restaurantesoca.es\/aviso-legal\/\",\"url\":\"https:\/\/restaurantesoca.es\/aviso-legal\/\",\"name\":\"Aviso Legal - Restaurante SOCA\",\"isPartOf\":{\"@id\":\"https:\/\/restaurantesoca.es\/#website\"},\"datePublished\":\"2025-04-08T08:12:33+00:00\",\"dateModified\":\"2025-04-08T10:11:58+00:00\",\"breadcrumb\":{\"@id\":\"https:\/\/restaurantesoca.es\/aviso-legal\/#breadcrumb\"},\"inLanguage\":\"en-GB\",\"potentialAction\":[{\"@type\":\"ReadAction\",\"target\":[\"https:\/\/restaurantesoca.es\/aviso-legal\/\"]}]},{\"@type\":\"BreadcrumbList\",\"@id\":\"https:\/\/restaurantesoca.es\/aviso-legal\/#breadcrumb\",\"itemListElement\":[{\"@type\":\"ListItem\",\"position\":1,\"name\":\"Portada\",\"item\":\"https:\/\/restaurantesoca.es\/\"},{\"@type\":\"ListItem\",\"position\":2,\"name\":\"Aviso Legal\"}]},{\"@type\":\"WebSite\",\"@id\":\"https:\/\/restaurantesoca.es\/#website\",\"url\":\"https:\/\/restaurantesoca.es\/\",\"name\":\"Restaurante SOCA\",\"description\":\"Cocina Mediterr\u00e1nea &amp; Sushi Bar\",\"publisher\":{\"@id\":\"https:\/\/restaurantesoca.es\/#organization\"},\"potentialAction\":[{\"@type\":\"SearchAction\",\"target\":{\"@type\":\"EntryPoint\",\"urlTemplate\":\"https:\/\/restaurantesoca.es\/?s={search_term_string}\"},\"query-input\":{\"@type\":\"PropertyValueSpecification\",\"valueRequired\":true,\"valueName\":\"search_term_string\"}}],\"inLanguage\":\"en-GB\"},{\"@type\":\"Organization\",\"@id\":\"https:\/\/restaurantesoca.es\/#organization\",\"name\":\"Restaurante SOCA\",\"url\":\"https:\/\/restaurantesoca.es\/\",\"logo\":{\"@type\":\"ImageObject\",\"inLanguage\":\"en-GB\",\"@id\":\"https:\/\/restaurantesoca.es\/#\/schema\/logo\/image\/\",\"url\":\"https:\/\/restaurantesoca.es\/wp-content\/uploads\/2025\/03\/Capa_x0020_1.svg\",\"contentUrl\":\"https:\/\/restaurantesoca.es\/wp-content\/uploads\/2025\/03\/Capa_x0020_1.svg\",\"width\":241,\"height\":113,\"caption\":\"Restaurante SOCA\"},\"image\":{\"@id\":\"https:\/\/restaurantesoca.es\/#\/schema\/logo\/image\/\"}}]}<\/script>\n<!-- \/ Yoast SEO plugin. -->","yoast_head_json":{"title":"Legal Notice - SOCA Restaurant","robots":{"index":"noindex","follow":"nofollow"},"og_locale":"en_GB","og_type":"article","og_title":"Aviso Legal - Restaurante SOCA","og_description":"DATOS DE LA EMPRESA En cumplimiento con el deber de informaci\u00f3n recogido en art\u00edculo 10 de la Ley 34\/2002, de 11 de julio, de Servicios de la Sociedad de la Informaci\u00f3n y del Comercio Electr\u00f3nico, a continuaci\u00f3n se reflejan los siguientes datos: la empresa titular de dominio web es Puro Verso S.L., con CIF: B93436673 [&hellip;]","og_url":"https:\/\/restaurantesoca.es\/en\/aviso-legal\/","og_site_name":"Restaurante SOCA","article_modified_time":"2025-04-08T10:11:58+00:00","twitter_card":"summary_large_image","twitter_misc":{"Estimated reading time":"5 minutes"},"schema":{"@context":"https:\/\/schema.org","@graph":[{"@type":"WebPage","@id":"https:\/\/restaurantesoca.es\/aviso-legal\/","url":"https:\/\/restaurantesoca.es\/aviso-legal\/","name":"Legal Notice - SOCA Restaurant","isPartOf":{"@id":"https:\/\/restaurantesoca.es\/#website"},"datePublished":"2025-04-08T08:12:33+00:00","dateModified":"2025-04-08T10:11:58+00:00","breadcrumb":{"@id":"https:\/\/restaurantesoca.es\/aviso-legal\/#breadcrumb"},"inLanguage":"en-GB","potentialAction":[{"@type":"ReadAction","target":["https:\/\/restaurantesoca.es\/aviso-legal\/"]}]},{"@type":"BreadcrumbList","@id":"https:\/\/restaurantesoca.es\/aviso-legal\/#breadcrumb","itemListElement":[{"@type":"ListItem","position":1,"name":"Portada","item":"https:\/\/restaurantesoca.es\/"},{"@type":"ListItem","position":2,"name":"Aviso Legal"}]},{"@type":"WebSite","@id":"https:\/\/restaurantesoca.es\/#website","url":"https:\/\/restaurantesoca.es\/","name":"SOCA Restaurant","description":"Mediterranean Cuisine &amp; Sushi Bar","publisher":{"@id":"https:\/\/restaurantesoca.es\/#organization"},"potentialAction":[{"@type":"SearchAction","target":{"@type":"EntryPoint","urlTemplate":"https:\/\/restaurantesoca.es\/?s={search_term_string}"},"query-input":{"@type":"PropertyValueSpecification","valueRequired":true,"valueName":"search_term_string"}}],"inLanguage":"en-GB"},{"@type":"Organization","@id":"https:\/\/restaurantesoca.es\/#organization","name":"SOCA Restaurant","url":"https:\/\/restaurantesoca.es\/","logo":{"@type":"ImageObject","inLanguage":"en-GB","@id":"https:\/\/restaurantesoca.es\/#\/schema\/logo\/image\/","url":"https:\/\/restaurantesoca.es\/wp-content\/uploads\/2025\/03\/Capa_x0020_1.svg","contentUrl":"https:\/\/restaurantesoca.es\/wp-content\/uploads\/2025\/03\/Capa_x0020_1.svg","width":241,"height":113,"caption":"Restaurante SOCA"},"image":{"@id":"https:\/\/restaurantesoca.es\/#\/schema\/logo\/image\/"}}]}},"_links":{"self":[{"href":"https:\/\/restaurantesoca.es\/en\/wp-json\/wp\/v2\/pages\/1433","targetHints":{"allow":["GET"]}}],"collection":[{"href":"https:\/\/restaurantesoca.es\/en\/wp-json\/wp\/v2\/pages"}],"about":[{"href":"https:\/\/restaurantesoca.es\/en\/wp-json\/wp\/v2\/types\/page"}],"author":[{"embeddable":true,"href":"https:\/\/restaurantesoca.es\/en\/wp-json\/wp\/v2\/users\/1"}],"replies":[{"embeddable":true,"href":"https:\/\/restaurantesoca.es\/en\/wp-json\/wp\/v2\/comments?post=1433"}],"version-history":[{"count":4,"href":"https:\/\/restaurantesoca.es\/en\/wp-json\/wp\/v2\/pages\/1433\/revisions"}],"predecessor-version":[{"id":1438,"href":"https:\/\/restaurantesoca.es\/en\/wp-json\/wp\/v2\/pages\/1433\/revisions\/1438"}],"wp:attachment":[{"href":"https:\/\/restaurantesoca.es\/en\/wp-json\/wp\/v2\/media?parent=1433"}],"curies":[{"name":"wp","href":"https:\/\/api.w.org\/{rel}","templated":true}]}}